{"id":555,"date":"2016-10-20T13:25:29","date_gmt":"2016-10-20T13:25:29","guid":{"rendered":"http:\/\/fcoffenbuettel.de\/wp\/?page_id=555"},"modified":"2020-05-05T14:39:51","modified_gmt":"2020-05-05T14:39:51","slug":"jugend","status":"publish","type":"page","link":"https:\/\/www.fco68.de\/?page_id=555","title":{"rendered":"Kickers Eider SG"},"content":{"rendered":"<p><img loading=\"lazy\" decoding=\"async\" class=\"alignnone  wp-image-2736\" src=\"https:\/\/www.fco68.de\/wp-content\/uploads\/2020\/05\/37977251_2091304011122732_6325133276654600192_o-300x300.png\" alt=\"\" width=\"158\" height=\"158\" srcset=\"https:\/\/www.fco68.de\/wp-content\/uploads\/2020\/05\/37977251_2091304011122732_6325133276654600192_o-300x300.png 300w, https:\/\/www.fco68.de\/wp-content\/uploads\/2020\/05\/37977251_2091304011122732_6325133276654600192_o-150x150.png 150w, https:\/\/www.fco68.de\/wp-content\/uploads\/2020\/05\/37977251_2091304011122732_6325133276654600192_o-768x768.png 768w, https:\/\/www.fco68.de\/wp-content\/uploads\/2020\/05\/37977251_2091304011122732_6325133276654600192_o.png 960w\" sizes=\"auto, (max-width: 158px) 85vw, 158px\" \/><\/p>\n<p><strong>Kickers Eider SG \u2013 Spielgemeinschaft im Jugendfu\u00dfball Dithmarschen<\/strong><\/p>\n<p>Unsere Spielgemeinschaft Kickers Eider SG im Jugend-Fu\u00dfball ist ein Zusammenschluss der Vereine TSV Dellstedt, MTV Wrohm, FC Offenb\u00fcttel, SV Holstein Pahlen, MTV Tellingstedt.\u00a0 Der gesamte Kinder- und Jugendbereich aller Altersgruppen wird bei uns angeboten. Von A-F Junioren und sogar eine weibliche Fu\u00dfballmannschaft der E-Juniorinnen. Da findet sich f\u00fcr jeden ein Platz, um sich im Fu\u00dfball auszutoben.<\/p>\n<p>Neue Gesichter sind gerne willkommen. Bei Interesse wendet euch gerne an unseren\u00a0<a href=\"http:\/\/moinmoin.net\/vorstand\" target=\"_blank\" rel=\"noopener noreferrer\">Vorstandsvorsitzenden<\/a>.<\/p>\n<p>Wir freuen uns auf jeden Menschen, ob ganz klein oder schon etwas gr\u00f6\u00dfer, der mit und den Ball ins Rollen bringen m\u00f6chte.<\/p>\n\n\n<p><\/p>\n","protected":false},"excerpt":{"rendered":"<p>Kickers Eider SG \u2013 Spielgemeinschaft im Jugendfu\u00dfball Dithmarschen Unsere Spielgemeinschaft Kickers Eider SG im Jugend-Fu\u00dfball ist ein Zusammenschluss der Vereine TSV Dellstedt, MTV Wrohm, FC Offenb\u00fcttel, SV Holstein Pahlen, MTV Tellingstedt.\u00a0 Der gesamte Kinder- und Jugendbereich aller Altersgruppen wird bei uns angeboten. Von A-F Junioren und sogar eine weibliche Fu\u00dfballmannschaft der E-Juniorinnen. Da findet sich &hellip; <a href=\"https:\/\/www.fco68.de\/?page_id=555\" class=\"more-link\"><span class=\"screen-reader-text\">\u201eKickers Eider SG\u201c <\/span>weiterlesen<\/a><\/p>\n","protected":false},"author":1,"featured_media":0,"parent":0,"menu_order":0,"comment_status":"closed","ping_status":"closed","template":"","meta":{"footnotes":""},"class_list":["post-555","page","type-page","status-publish","hentry"],"_links":{"self":[{"href":"https:\/\/www.fco68.de\/index.php?rest_route=\/wp\/v2\/pages\/555","targetHints":{"allow":["GET"]}}],"collection":[{"href":"https:\/\/www.fco68.de\/index.php?rest_route=\/wp\/v2\/pages"}],"about":[{"href":"https:\/\/www.fco68.de\/index.php?rest_route=\/wp\/v2\/types\/page"}],"author":[{"embeddable":true,"href":"https:\/\/www.fco68.de\/index.php?rest_route=\/wp\/v2\/users\/1"}],"replies":[{"embeddable":true,"href":"https:\/\/www.fco68.de\/index.php?rest_route=%2Fwp%2Fv2%2Fcomments&post=555"}],"version-history":[{"count":7,"href":"https:\/\/www.fco68.de\/index.php?rest_route=\/wp\/v2\/pages\/555\/revisions"}],"predecessor-version":[{"id":2746,"href":"https:\/\/www.fco68.de\/index.php?rest_route=\/wp\/v2\/pages\/555\/revisions\/2746"}],"wp:attachment":[{"href":"https:\/\/www.fco68.de\/index.php?rest_route=%2Fwp%2Fv2%2Fmedia&parent=555"}],"curies":[{"name":"wp","href":"https:\/\/api.w.org\/{rel}","templated":true}]}}