{"id":43,"date":"2016-05-03T17:10:34","date_gmt":"2016-05-03T17:10:34","guid":{"rendered":"http:\/\/fcoffenbuettel.de\/wp\/?page_id=43"},"modified":"2023-07-09T14:47:14","modified_gmt":"2023-07-09T14:47:14","slug":"impressum","status":"publish","type":"page","link":"https:\/\/www.fco68.de\/?page_id=43","title":{"rendered":"Impressum"},"content":{"rendered":"<div id=\"cc-m-5566746076\" class=\"j-module n j-text \">\n<p>Inhaltlich Verantwortliche i.S.d. \u00a7 55 Abs. 2 RStV:<\/p>\n<p><strong>FC Offenb\u00fcttel 68 e.V.<\/strong><\/p>\n<p>Jennifer Husen<\/p>\n<p>Hauptstra\u00dfe 12 b<\/p>\n<p>25767 Offenb\u00fcttel<\/p>\n<p>Mobil: 01732698994<\/p>\n<p>email: 1.Vorsitzender@fco68.de<\/p>\n<p><span style=\"font-size: inherit;\">Unser Verein ist beim Registergericht Pinneberg unter der Register-Nummer VR 902 ME eingetragen.<\/span><\/p>\n<\/div>\n<div id=\"cc-m-6027351476\" class=\"j-module n j-text \">\n<p>Gesch\u00e4ftsf\u00fchrender Vorstand:<\/p>\n<p>1. Vorsitzende: Jennife Husen<\/p>\n<p>2. Vorsitzender: Bj\u00f6rn Lahrsen<\/p>\n<p>Kassenwartin\u00a0 Karin Ruge<\/p>\n<p>Geb\/Anlagenmanager Bj\u00f6rn Husen<\/p>\n<\/div>\n<div id=\"cc-m-6027352776\" class=\"j-module n j-hr \">\n<div class=\"hr\"><\/div>\n<\/div>\n<div id=\"cc-m-6160380376\" class=\"j-module n j-text \">\n<p><strong>Die Gestaltung der Website wurde durchgef\u00fchrt von<\/strong><\/p>\n<p>Jan Wohlers<\/p>\n<p><strong style=\"font-size: inherit;\">Rechtliche Hinweise:<\/strong><\/p>\n<\/div>\n<div id=\"cc-m-5566828276\" class=\"j-module n j-text \">\n<div id=\"cc-m-11349635997\" class=\"j-module n j-text\">\n<div id=\"cc-m-9063645686\" class=\"j-module n j-text\">\n<p>Wir sind nicht verpflichtet, an Streitbeilegungsverfahren vor einer Verbraucherschlichtungsstelle teilzunehmen.<\/p>\n<p><strong style=\"font-size: inherit;\">Haftung f\u00fcr Inhalte<\/strong><\/p>\n<\/div>\n<div id=\"cc-m-9063646086\" class=\"j-module n j-text\">\n<div id=\"cc-m-5106730664\" class=\"j-module n j-text\">\n<p>Als Diensteanbieter sind wir gem\u00e4\u00df \u00a7 7 Abs.1 TMG f\u00fcr eigene Inhalte auf diesen Seiten nach den allgemeinen Gesetzen verantwortlich. Nach \u00a7\u00a7 8 bis 10 TMG sind wir als Diensteanbieter jedoch nicht verpflichtet, \u00fcbermittelte oder gespeicherte fremde Informationen zu \u00fcberwachen oder nach Umst\u00e4nden zu forschen, die auf eine rechtswidrige T\u00e4tigkeit hinweisen.<\/p>\n<p>Verpflichtungen zur Entfernung oder Sperrung der Nutzung von Informationen nach den allgemeinen Gesetzen bleiben hiervon unber\u00fchrt. Eine diesbez\u00fcgliche Haftung ist jedoch erst ab dem Zeitpunkt der Kenntnis einer konkreten Rechtsverletzung m\u00f6glich. Bei Bekanntwerden von entsprechenden Rechtsverletzungen werden wir diese Inhalte umgehend entfernen.<\/p>\n<p><strong>Haftung f\u00fcr Links<\/strong><br \/>\nUnser Angebot enth\u00e4lt Links zu externen Webseiten Dritter, auf deren Inhalte wir keinen Einfluss haben. Deshalb k\u00f6nnen wir f\u00fcr diese fremden Inhalte auch keine Gew\u00e4hr \u00fcbernehmen. F\u00fcr die Inhalte der verlinkten Seiten ist stets der jeweilige Anbieter oder Betreiber der Seiten verantwortlich. Die verlinkten Seiten wurden zum Zeitpunkt der Verlinkung auf m\u00f6gliche Rechtsverst\u00f6\u00dfe \u00fcberpr\u00fcft. Rechtswidrige Inhalte waren zum Zeitpunkt der Verlinkung nicht erkennbar. Eine permanente inhaltliche Kontrolle der verlinkten Seiten ist jedoch ohne konkrete Anhaltspunkte einer Rechtsverletzung nicht zumutbar. Bei Bekanntwerden von Rechtsverletzungen werden wir derartige Links umgehend entfernen.<\/p>\n<p><strong>Urheberrecht<\/strong><br \/>\nDie durch die Seitenbetreiber erstellten Inhalte und Werke auf diesen Seiten unterliegen dem deutschen Urheberrecht. Die Vervielf\u00e4ltigung, Bearbeitung, Verbreitung und jede Art der Verwertung au\u00dferhalb der Grenzen des Urheberrechtes bed\u00fcrfen der schriftlichen Zustimmung des jeweiligen Autors bzw. Erstellers. Downloads und Kopien dieser Seite sind nur f\u00fcr den privaten, nicht kommerziellen Gebrauch gestattet. Soweit die Inhalte auf dieser Seite nicht vom Betreiber erstellt wurden, werden die Urheberrechte Dritter beachtet. Insbesondere werden Inhalte Dritter als solche gekennzeichnet. Sollten Sie trotzdem auf eine Urheberrechtsverletzung aufmerksam werden, bitten wir um einen entsprechenden Hinweis. Bei Bekanntwerden von Rechtsverletzungen werden wir derartige Inhalte umgehend entfernen.<\/p>\n<p>Quelle: <a title=\"https:\/\/www.e-recht24.de\" href=\"https:\/\/www.e-recht24.de\" target=\"_blank\" rel=\"noopener noreferrer\">https:\/\/www.e-recht24.de<\/a><\/p>\n<\/div>\n<\/div>\n<\/div>\n<\/div>\n","protected":false},"excerpt":{"rendered":"<p>Inhaltlich Verantwortliche i.S.d. \u00a7 55 Abs. 2 RStV: FC Offenb\u00fcttel 68 e.V. Jennifer Husen Hauptstra\u00dfe 12 b 25767 Offenb\u00fcttel Mobil: 01732698994 email: 1.Vorsitzender@fco68.de Unser Verein ist beim Registergericht Pinneberg unter der Register-Nummer VR 902 ME eingetragen. Gesch\u00e4ftsf\u00fchrender Vorstand: 1. Vorsitzende: Jennife Husen 2. Vorsitzender: Bj\u00f6rn Lahrsen Kassenwartin\u00a0 Karin Ruge Geb\/Anlagenmanager Bj\u00f6rn Husen Die Gestaltung der &hellip; <a href=\"https:\/\/www.fco68.de\/?page_id=43\" class=\"more-link\"><span class=\"screen-reader-text\">\u201eImpressum\u201c <\/span>weiterlesen<\/a><\/p>\n","protected":false},"author":1,"featured_media":0,"parent":0,"menu_order":0,"comment_status":"closed","ping_status":"closed","template":"","meta":{"footnotes":""},"class_list":["post-43","page","type-page","status-publish","hentry"],"_links":{"self":[{"href":"https:\/\/www.fco68.de\/index.php?rest_route=\/wp\/v2\/pages\/43","targetHints":{"allow":["GET"]}}],"collection":[{"href":"https:\/\/www.fco68.de\/index.php?rest_route=\/wp\/v2\/pages"}],"about":[{"href":"https:\/\/www.fco68.de\/index.php?rest_route=\/wp\/v2\/types\/page"}],"author":[{"embeddable":true,"href":"https:\/\/www.fco68.de\/index.php?rest_route=\/wp\/v2\/users\/1"}],"replies":[{"embeddable":true,"href":"https:\/\/www.fco68.de\/index.php?rest_route=%2Fwp%2Fv2%2Fcomments&post=43"}],"version-history":[{"count":10,"href":"https:\/\/www.fco68.de\/index.php?rest_route=\/wp\/v2\/pages\/43\/revisions"}],"predecessor-version":[{"id":3925,"href":"https:\/\/www.fco68.de\/index.php?rest_route=\/wp\/v2\/pages\/43\/revisions\/3925"}],"wp:attachment":[{"href":"https:\/\/www.fco68.de\/index.php?rest_route=%2Fwp%2Fv2%2Fmedia&parent=43"}],"curies":[{"name":"wp","href":"https:\/\/api.w.org\/{rel}","templated":true}]}}