{"id":407,"date":"2016-10-20T12:00:02","date_gmt":"2016-10-20T12:00:02","guid":{"rendered":"http:\/\/fcoffenbuettel.de\/wp\/?page_id=407"},"modified":"2020-05-17T15:48:07","modified_gmt":"2020-05-17T15:48:07","slug":"foerderverein","status":"publish","type":"page","link":"https:\/\/www.fco68.de\/?page_id=407","title":{"rendered":"F\u00f6rderverein Blau-Wei\u00df e.V."},"content":{"rendered":"<p>Der F\u00f6rderverein Blau-Wei\u00df e.V. wurde 1991 gegr\u00fcndet mit dem Hauptziel die Jugend im Verein zu unterst\u00fctzen. Diese Unterst\u00fctzung vermischt sich heutzutage nat\u00fcrlich mit den Damen- und Herrenfu\u00dfballmannschaften und anderen Sparten im Verein. Zudem ist es immer wieder unser Ziel neue Partner zu finden bzgl. Bandenwerbung und Werbung in der Stadionzeitung. Einen Hauptsponsor in dem Sinne gibt es nicht, alle Sponsoren werden gleich behandelt.<\/p>\n<p>Der Vorstand besteht aus 5 Personen:<\/p>\n<p>1. Vorsitzender\u00a0\u00a0\u00a0\u00a0\u00a0\u00a0\u00a0\u00a0\u00a0\u00a0\u00a0\u00a0 J\u00f6rg Brandenburg<\/p>\n<p>2. Vorsitzender\u00a0 \u00a0 \u00a0 \u00a0 \u00a0 \u00a0 \u00a0Bj\u00f6rn Lahrsen<\/p>\n<p>Kassenwart\u00a0 \u00a0 \u00a0 \u00a0 \u00a0 \u00a0 \u00a0 \u00a0 \u00a0 \u00a0 Rainer Thies<\/p>\n<p>Beisitzer\u00a0 \u00a0 \u00a0 \u00a0 \u00a0 \u00a0 \u00a0 \u00a0 \u00a0 \u00a0 \u00a0 \u00a0 \u00a0 Bernd Hennschen<\/p>\n<p>Schriftf\u00fchrer\u00a0 \u00a0 \u00a0 \u00a0 \u00a0 \u00a0 \u00a0 \u00a0 \u00a0Rolf Kruse<\/p>\n<p>Der Mitgliedsbeitrag betr\u00e4gt j\u00e4hrlich 12,00 \u20ac. Nat\u00fcrlich kann\/darf jedes Mitglied noch einen zus\u00e4tzlichen Betrag spenden.<\/p>\n","protected":false},"excerpt":{"rendered":"<p>Der F\u00f6rderverein Blau-Wei\u00df e.V. wurde 1991 gegr\u00fcndet mit dem Hauptziel die Jugend im Verein zu unterst\u00fctzen. Diese Unterst\u00fctzung vermischt sich heutzutage nat\u00fcrlich mit den Damen- und Herrenfu\u00dfballmannschaften und anderen Sparten im Verein. Zudem ist es immer wieder unser Ziel neue Partner zu finden bzgl. Bandenwerbung und Werbung in der Stadionzeitung. Einen Hauptsponsor in dem Sinne &hellip; <a href=\"https:\/\/www.fco68.de\/?page_id=407\" class=\"more-link\"><span class=\"screen-reader-text\">\u201eF\u00f6rderverein Blau-Wei\u00df e.V.\u201c <\/span>weiterlesen<\/a><\/p>\n","protected":false},"author":1,"featured_media":0,"parent":0,"menu_order":0,"comment_status":"closed","ping_status":"closed","template":"","meta":{"footnotes":""},"class_list":["post-407","page","type-page","status-publish","hentry"],"_links":{"self":[{"href":"https:\/\/www.fco68.de\/index.php?rest_route=\/wp\/v2\/pages\/407","targetHints":{"allow":["GET"]}}],"collection":[{"href":"https:\/\/www.fco68.de\/index.php?rest_route=\/wp\/v2\/pages"}],"about":[{"href":"https:\/\/www.fco68.de\/index.php?rest_route=\/wp\/v2\/types\/page"}],"author":[{"embeddable":true,"href":"https:\/\/www.fco68.de\/index.php?rest_route=\/wp\/v2\/users\/1"}],"replies":[{"embeddable":true,"href":"https:\/\/www.fco68.de\/index.php?rest_route=%2Fwp%2Fv2%2Fcomments&post=407"}],"version-history":[{"count":4,"href":"https:\/\/www.fco68.de\/index.php?rest_route=\/wp\/v2\/pages\/407\/revisions"}],"predecessor-version":[{"id":2850,"href":"https:\/\/www.fco68.de\/index.php?rest_route=\/wp\/v2\/pages\/407\/revisions\/2850"}],"wp:attachment":[{"href":"https:\/\/www.fco68.de\/index.php?rest_route=%2Fwp%2Fv2%2Fmedia&parent=407"}],"curies":[{"name":"wp","href":"https:\/\/api.w.org\/{rel}","templated":true}]}}