{"id":3987,"date":"2023-08-22T15:19:55","date_gmt":"2023-08-22T15:19:55","guid":{"rendered":"https:\/\/fco68.de\/?page_id=3987"},"modified":"2024-09-19T15:43:13","modified_gmt":"2024-09-19T15:43:13","slug":"a-junioren","status":"publish","type":"page","link":"https:\/\/www.fco68.de\/?page_id=3987","title":{"rendered":"A- Junioren II"},"content":{"rendered":"<p><strong>Training<\/strong><\/p>\n<p>Dienstag und Freitag in Offenb\u00fcttel<\/p>\n<p><strong>Kontakt<\/strong><\/p>\n<p>J\u00fcrgen Vo\u00df\u00a0\u00a0\u00a0\u00a0\u00a0 01522\/2700320<\/p>\n\n\n<p><\/p>\n","protected":false},"excerpt":{"rendered":"<p>Training Dienstag und Freitag in Offenb\u00fcttel Kontakt J\u00fcrgen Vo\u00df\u00a0\u00a0\u00a0\u00a0\u00a0 01522\/2700320<\/p>\n","protected":false},"author":8,"featured_media":0,"parent":0,"menu_order":0,"comment_status":"closed","ping_status":"closed","template":"","meta":{"footnotes":""},"class_list":["post-3987","page","type-page","status-publish","hentry"],"_links":{"self":[{"href":"https:\/\/www.fco68.de\/index.php?rest_route=\/wp\/v2\/pages\/3987","targetHints":{"allow":["GET"]}}],"collection":[{"href":"https:\/\/www.fco68.de\/index.php?rest_route=\/wp\/v2\/pages"}],"about":[{"href":"https:\/\/www.fco68.de\/index.php?rest_route=\/wp\/v2\/types\/page"}],"author":[{"embeddable":true,"href":"https:\/\/www.fco68.de\/index.php?rest_route=\/wp\/v2\/users\/8"}],"replies":[{"embeddable":true,"href":"https:\/\/www.fco68.de\/index.php?rest_route=%2Fwp%2Fv2%2Fcomments&post=3987"}],"version-history":[{"count":5,"href":"https:\/\/www.fco68.de\/index.php?rest_route=\/wp\/v2\/pages\/3987\/revisions"}],"predecessor-version":[{"id":4224,"href":"https:\/\/www.fco68.de\/index.php?rest_route=\/wp\/v2\/pages\/3987\/revisions\/4224"}],"wp:attachment":[{"href":"https:\/\/www.fco68.de\/index.php?rest_route=%2Fwp%2Fv2%2Fmedia&parent=3987"}],"curies":[{"name":"wp","href":"https:\/\/api.w.org\/{rel}","templated":true}]}}