{"id":22,"date":"2016-05-03T17:02:53","date_gmt":"2016-05-03T17:02:53","guid":{"rendered":"http:\/\/fcoffenbuettel.de\/wp\/?page_id=22"},"modified":"2023-07-09T14:57:53","modified_gmt":"2023-07-09T14:57:53","slug":"startseite","status":"publish","type":"page","link":"https:\/\/www.fco68.de\/","title":{"rendered":"WILLKOMMEN!"},"content":{"rendered":"\n<div class=\"wp-block-group\"><div class=\"wp-block-group__inner-container is-layout-flow wp-block-group-is-layout-flow\">\n<p>Liebe Mitglieder und Freunde des FC Offenb\u00fcttel!<\/p>\n<p>Ich freue mich, euch auf der Homepage des FCO begr\u00fc\u00dfen zu d\u00fcrfen. Wir versorgen euch hier stets mit aktuellen Informationen \u00fcber den Verein (Spielank\u00fcndigungen, Spielberichte, Veranstaltungen, Bilder, etc.) .<\/p>\n<p>Unser Verein lebt vom Mitmachen, gerade auch au\u00dferhalb des Platzes. Sei es Shopverkauf, Tresendienst, Grillmeister oder auch beim Auf- und Abbauen von Veranstaltungen. Es gibt immer was zu tun. Wenn du Lust hast, den FCO aktiv mit zu gestalten, z\u00f6gere nicht mich anzusprechen!<\/p>\n<p>Mit sportlichen Gr\u00fc\u00dfen<\/p>\n<p>Jennifer Husen<\/p>\n<p>(1. Vorsitzende FCO)<\/p>\n<\/div><\/div>\n\n\n\n<div class=\"wp-block-columns is-layout-flex wp-container-core-columns-is-layout-9d6595d7 wp-block-columns-is-layout-flex\">\n<div class=\"wp-block-column is-layout-flow wp-block-column-is-layout-flow\"><\/div>\n\n\n\n<div class=\"wp-block-column is-layout-flow wp-block-column-is-layout-flow\"><\/div>\n<\/div>\n\n\n\n<p><\/p>\n","protected":false},"excerpt":{"rendered":"<p>Liebe Mitglieder und Freunde des FC Offenb\u00fcttel! Ich freue mich, euch auf der Homepage des FCO begr\u00fc\u00dfen zu d\u00fcrfen. Wir versorgen euch hier stets mit aktuellen Informationen \u00fcber den Verein (Spielank\u00fcndigungen, Spielberichte, Veranstaltungen, Bilder, etc.) . Unser Verein lebt vom Mitmachen, gerade auch au\u00dferhalb des Platzes. Sei es Shopverkauf, Tresendienst, Grillmeister oder auch beim Auf- &hellip; <a href=\"https:\/\/www.fco68.de\/\" class=\"more-link\"><span class=\"screen-reader-text\">\u201eWILLKOMMEN!\u201c <\/span>weiterlesen<\/a><\/p>\n","protected":false},"author":1,"featured_media":0,"parent":0,"menu_order":0,"comment_status":"closed","ping_status":"closed","template":"","meta":{"footnotes":""},"class_list":["post-22","page","type-page","status-publish","hentry"],"_links":{"self":[{"href":"https:\/\/www.fco68.de\/index.php?rest_route=\/wp\/v2\/pages\/22","targetHints":{"allow":["GET"]}}],"collection":[{"href":"https:\/\/www.fco68.de\/index.php?rest_route=\/wp\/v2\/pages"}],"about":[{"href":"https:\/\/www.fco68.de\/index.php?rest_route=\/wp\/v2\/types\/page"}],"author":[{"embeddable":true,"href":"https:\/\/www.fco68.de\/index.php?rest_route=\/wp\/v2\/users\/1"}],"replies":[{"embeddable":true,"href":"https:\/\/www.fco68.de\/index.php?rest_route=%2Fwp%2Fv2%2Fcomments&post=22"}],"version-history":[{"count":63,"href":"https:\/\/www.fco68.de\/index.php?rest_route=\/wp\/v2\/pages\/22\/revisions"}],"predecessor-version":[{"id":3933,"href":"https:\/\/www.fco68.de\/index.php?rest_route=\/wp\/v2\/pages\/22\/revisions\/3933"}],"wp:attachment":[{"href":"https:\/\/www.fco68.de\/index.php?rest_route=%2Fwp%2Fv2%2Fmedia&parent=22"}],"curies":[{"name":"wp","href":"https:\/\/api.w.org\/{rel}","templated":true}]}}