{"id":187,"date":"2016-08-29T10:56:58","date_gmt":"2016-08-29T10:56:58","guid":{"rendered":"http:\/\/fcoffenbuettel.de\/wp\/?page_id=187"},"modified":"2024-09-24T10:59:52","modified_gmt":"2024-09-24T10:59:52","slug":"ehemalige-trainer","status":"publish","type":"page","link":"https:\/\/www.fco68.de\/?page_id=187","title":{"rendered":"Ehemalige Trainer"},"content":{"rendered":"\n<div class=\"wp-block-columns is-layout-flex wp-container-core-columns-is-layout-9d6595d7 wp-block-columns-is-layout-flex\">\n<div class=\"wp-block-column is-layout-flow wp-block-column-is-layout-flow\">\n<p><\/p>\n<\/div>\n\n\n\n<div class=\"wp-block-column is-layout-flow wp-block-column-is-layout-flow\"><\/div>\n<\/div>\n\n\n\n<div class=\"wp-block-group\"><div class=\"wp-block-group__inner-container is-layout-flow wp-block-group-is-layout-flow\">\n<div class=\"wp-block-group\"><div class=\"wp-block-group__inner-container is-layout-flow wp-block-group-is-layout-flow\">\n<figure class=\"wp-block-table\"><table><tbody><tr><td>2020<\/td><td>bis<\/td><td>2024<\/td><td>Christian Jansen<\/td><\/tr><tr><td>2020<\/td><td>bis<\/td><td>2020<\/td><td>Dirk Martens<\/td><\/tr><tr><td>2019<\/td><td>bis<\/td><td>2019<\/td><td>Marc Duchow<\/td><\/tr><tr><td>2018<\/td><td>bis<\/td><td>2019<\/td><td>Marc Duchow und Bj\u00f6rn Lahrsen<\/td><\/tr><tr><td>2018<\/td><td>bis<\/td><td>2018<\/td><td>Bj\u00f6rn Lahrsen und Rolf Kruse<\/td><\/tr><tr><td>2015<\/td><td>bis<\/td><td>2018<\/td><td>Dirk Martens<\/td><\/tr><tr><td>2014<\/td><td>bis<\/td><td>2015<\/td><td>Christian Jansen<\/td><\/tr><tr><td>2012<\/td><td>bis<\/td><td>2014<\/td><td>Dirk St\u00f6ven<\/td><\/tr><tr><td>2007<\/td><td>bis<\/td><td>2012<\/td><td>Holger Dobelstein<\/td><\/tr><tr><td>2007<\/td><td>bis<\/td><td>2007<\/td><td>Christian Jansen<\/td><\/tr><tr><td>2005<\/td><td>bis<\/td><td>2007<\/td><td>Bernd Muschik<\/td><\/tr><tr><td>2004<\/td><td>bis<\/td><td>2005<\/td><td>Andre Anker<\/td><\/tr><tr><td>2003<\/td><td>bis<\/td><td>2004<\/td><td>Uwe Kosmin<\/td><\/tr><tr><td>1996<\/td><td>bis<\/td><td>2003<\/td><td>Rolf Kruse<\/td><\/tr><tr><td>1991<\/td><td>bis<\/td><td>1996<\/td><td>J\u00fcrgen Hager<\/td><\/tr><tr><td>1988<\/td><td>bis<\/td><td>1991<\/td><td>Karsten B\u00fcnz<\/td><\/tr><tr><td>1988<\/td><td>bis<\/td><td>1988<\/td><td>J\u00fcrgen Hager<\/td><\/tr><tr><td>1987<\/td><td>bis<\/td><td>1988<\/td><td>Karsten B\u00fcnz<\/td><\/tr><tr><td>1985<\/td><td>bis<\/td><td>1987<\/td><td>Uwe Kosmin<\/td><\/tr><tr><td>1983<\/td><td>bis<\/td><td>1985<\/td><td>Gerd Dr\u00f6se<\/td><\/tr><tr><td>1982<\/td><td>bis<\/td><td>1983<\/td><td>Franko del Bufalo<\/td><\/tr><tr><td>1981<\/td><td>bis<\/td><td>1982<\/td><td>Bernhard M\u00f6ller<\/td><\/tr><tr><td>1973<\/td><td>bis<\/td><td>1981<\/td><td>Gerd Dr\u00f6se<\/td><\/tr><tr><td>1972<\/td><td>bis<\/td><td>1973<\/td><td>Ernst Borchers<\/td><\/tr><tr><td>1968<\/td><td>bis<\/td><td>1972<\/td><td>Gerd Dr\u00f6se<\/td><\/tr><\/tbody><\/table><\/figure>\n<\/div><\/div>\n<\/div><\/div>\n","protected":false},"excerpt":{"rendered":"<p>2020 bis 2024 Christian Jansen 2020 bis 2020 Dirk Martens 2019 bis 2019 Marc Duchow 2018 bis 2019 Marc Duchow und Bj\u00f6rn Lahrsen 2018 bis 2018 Bj\u00f6rn Lahrsen und Rolf Kruse 2015 bis 2018 Dirk Martens 2014 bis 2015 Christian Jansen 2012 bis 2014 Dirk St\u00f6ven 2007 bis 2012 Holger Dobelstein 2007 bis 2007 Christian &hellip; <a href=\"https:\/\/www.fco68.de\/?page_id=187\" class=\"more-link\"><span class=\"screen-reader-text\">\u201eEhemalige Trainer\u201c <\/span>weiterlesen<\/a><\/p>\n","protected":false},"author":1,"featured_media":0,"parent":0,"menu_order":0,"comment_status":"closed","ping_status":"closed","template":"","meta":{"footnotes":""},"class_list":["post-187","page","type-page","status-publish","hentry"],"_links":{"self":[{"href":"https:\/\/www.fco68.de\/index.php?rest_route=\/wp\/v2\/pages\/187","targetHints":{"allow":["GET"]}}],"collection":[{"href":"https:\/\/www.fco68.de\/index.php?rest_route=\/wp\/v2\/pages"}],"about":[{"href":"https:\/\/www.fco68.de\/index.php?rest_route=\/wp\/v2\/types\/page"}],"author":[{"embeddable":true,"href":"https:\/\/www.fco68.de\/index.php?rest_route=\/wp\/v2\/users\/1"}],"replies":[{"embeddable":true,"href":"https:\/\/www.fco68.de\/index.php?rest_route=%2Fwp%2Fv2%2Fcomments&post=187"}],"version-history":[{"count":12,"href":"https:\/\/www.fco68.de\/index.php?rest_route=\/wp\/v2\/pages\/187\/revisions"}],"predecessor-version":[{"id":4255,"href":"https:\/\/www.fco68.de\/index.php?rest_route=\/wp\/v2\/pages\/187\/revisions\/4255"}],"wp:attachment":[{"href":"https:\/\/www.fco68.de\/index.php?rest_route=%2Fwp%2Fv2%2Fmedia&parent=187"}],"curies":[{"name":"wp","href":"https:\/\/api.w.org\/{rel}","templated":true}]}}